{"id":17623,"date":"2023-11-20T22:26:45","date_gmt":"2023-11-20T21:26:45","guid":{"rendered":"https:\/\/prod.unyc.com\/unkategorisiert\/126-091006s\/"},"modified":"2023-11-23T11:51:33","modified_gmt":"2023-11-23T10:51:33","slug":"verankerungsring-gurt","status":"publish","type":"product","link":"https:\/\/prod.unyc.com\/de\/equipements-de\/verankerungsring-gurt\/","title":{"rendered":"Verankerungsring Gurt"},"content":{"rendered":"<ul>\n<li>Krawattenartiger Verankerungsring mit 19 mm breitem Polyamidgurt f\u00fcr tempor\u00e4re Verankerungen <\/li>\n<li> F\u00fcr gelegentlichen Einsatz <\/li>\n<li> Geeignet f\u00fcr Verankerungen auf jeglichen Oberfl\u00e4chen <\/li>\n<li> Verbindung \u00fcber einfaches Verbindungselement <\/li>\n<li> Widerstand: 22 kN <\/li>\n<li> Entspricht der Norm EN 795 Klasse B <\/li>\n<li> In verschiedenen L\u00e4ngen erh\u00e4ltlich: 1,00 und 1,60 m<\/li>\n<\/ul>\n","protected":false},"excerpt":{"rendered":"<p>Ist auf einer Oberfl\u00e4che kein Verankerungspunkt f\u00fcr sp\u00e4tere Eingriffe vorgesehen, kann dank dem tempor\u00e4ren Verankerungspunkt ein sicheres Arbeiten gew\u00e4hrleistet werden, da bei dieser L\u00f6sung ein Widerstands- und konstitutives Element daf\u00fcr sorgt, dass mit einem einfachen \u201eKrawattenknoten\u201c eine sichere Verankerung geschaffen wird.<\/p>\n","protected":false},"featured_media":14979,"template":"","meta":{"_acf_changed":false},"product_brand":[],"product_cat":[70120],"product_tag":[],"class_list":{"0":"post-17623","1":"product","2":"type-product","3":"status-publish","4":"has-post-thumbnail","6":"product_cat-equipements-de","7":"pa_abc_class-g-de","8":"pa_abc_class-s-de","9":"pa_base_unit-ea-de","10":"pa_brand-unyc-de","11":"pa_e_com_product-no-de","12":"pa_edi_option-no-de","13":"pa_export_product-yes-de","14":"pa_g_range-13-de","15":"pa_lifespan-15-ans-de","16":"pa_lock_code-000-de","17":"pa_material-polyamide-de","18":"pa_pack_instructions_level_1-no-de","19":"pa_pack_instructions_level_2-no-de","20":"pa_pack_instructions_level_3-no-de","21":"pa_pack_type_level_1-sca-de","22":"pa_pic_family-097-de","23":"pa_product_extension_length-1_m-de","24":"pa_product_extension_length-1_6_m-de","25":"pa_product_origin-es-de","26":"pa_production_company-126-de","27":"pa_sales_company-126-de","28":"pa_sales_plan-c-de","29":"pa_sales_range-13-de","30":"pa_short_designation-anneau-dancrage-sangle-1-m-de","31":"pa_short_designation-anneau-dancrage-sangle-1-60m-de","32":"pa_sigle-ce-de","33":"pa_standard-en_795-de","34":"pa_use-highly_intensive-de","35":"pa_varied_weight-no-de","37":"first","38":"instock","39":"shipping-taxable","40":"purchasable","41":"product-type-variable"},"acf":[],"yoast_head":"<!-- This site is optimized with the Yoast SEO plugin v27.3 - https:\/\/yoast.com\/product\/yoast-seo-wordpress\/ -->\n<title>Verankerungsring Gurt - Unyc<\/title>\n<meta name=\"robots\" content=\"noindex, follow, max-snippet:-1, max-image-preview:large, max-video-preview:-1\" \/>\n<meta property=\"og:locale\" content=\"de_DE\" \/>\n<meta property=\"og:type\" content=\"article\" \/>\n<meta property=\"og:title\" content=\"Verankerungsring Gurt - Unyc\" \/>\n<meta property=\"og:description\" content=\"Ist auf einer Oberfl\u00e4che kein Verankerungspunkt f\u00fcr sp\u00e4tere Eingriffe vorgesehen, kann dank dem tempor\u00e4ren Verankerungspunkt ein sicheres Arbeiten gew\u00e4hrleistet werden, da bei dieser L\u00f6sung ein Widerstands- und konstitutives Element daf\u00fcr sorgt, dass mit einem einfachen \u201eKrawattenknoten\u201c eine sichere Verankerung geschaffen wird.\" \/>\n<meta property=\"og:url\" content=\"https:\/\/prod.unyc.com\/de\/equipements-de\/verankerungsring-gurt\/\" \/>\n<meta property=\"og:site_name\" content=\"Unyc\" \/>\n<meta property=\"article:modified_time\" content=\"2023-11-23T10:51:33+00:00\" \/>\n<meta name=\"twitter:card\" content=\"summary_large_image\" \/>\n<script type=\"application\/ld+json\" class=\"yoast-schema-graph\">{\"@context\":\"https:\\\/\\\/schema.org\",\"@graph\":[{\"@type\":\"WebPage\",\"@id\":\"https:\\\/\\\/prod.unyc.com\\\/de\\\/equipements-de\\\/verankerungsring-gurt\\\/\",\"url\":\"https:\\\/\\\/prod.unyc.com\\\/de\\\/equipements-de\\\/verankerungsring-gurt\\\/\",\"name\":\"Verankerungsring Gurt - Unyc\",\"isPartOf\":{\"@id\":\"https:\\\/\\\/prod.unyc.com\\\/de\\\/fr\\\/#website\"},\"primaryImageOfPage\":{\"@id\":\"https:\\\/\\\/prod.unyc.com\\\/de\\\/equipements-de\\\/verankerungsring-gurt\\\/#primaryimage\"},\"image\":{\"@id\":\"https:\\\/\\\/prod.unyc.com\\\/de\\\/equipements-de\\\/verankerungsring-gurt\\\/#primaryimage\"},\"thumbnailUrl\":\"\",\"datePublished\":\"2023-11-20T21:26:45+00:00\",\"dateModified\":\"2023-11-23T10:51:33+00:00\",\"breadcrumb\":{\"@id\":\"https:\\\/\\\/prod.unyc.com\\\/de\\\/equipements-de\\\/verankerungsring-gurt\\\/#breadcrumb\"},\"inLanguage\":\"de\",\"potentialAction\":[{\"@type\":\"ReadAction\",\"target\":[\"https:\\\/\\\/prod.unyc.com\\\/de\\\/equipements-de\\\/verankerungsring-gurt\\\/\"]}]},{\"@type\":\"ImageObject\",\"inLanguage\":\"de\",\"@id\":\"https:\\\/\\\/prod.unyc.com\\\/de\\\/equipements-de\\\/verankerungsring-gurt\\\/#primaryimage\",\"url\":\"\",\"contentUrl\":\"\"},{\"@type\":\"BreadcrumbList\",\"@id\":\"https:\\\/\\\/prod.unyc.com\\\/de\\\/equipements-de\\\/verankerungsring-gurt\\\/#breadcrumb\",\"itemListElement\":[{\"@type\":\"ListItem\",\"position\":1,\"name\":\"Catalogue\",\"item\":\"https:\\\/\\\/prod.unyc.com\\\/fr\\\/catalogue\\\/\"},{\"@type\":\"ListItem\",\"position\":2,\"name\":\"Verankerungsring Gurt\"}]},{\"@type\":\"WebSite\",\"@id\":\"https:\\\/\\\/prod.unyc.com\\\/de\\\/fr\\\/#website\",\"url\":\"https:\\\/\\\/prod.unyc.com\\\/de\\\/fr\\\/\",\"name\":\"Unyc\",\"description\":\"Fr\u00e9n\u00e9hard &amp; Michaux\",\"publisher\":{\"@id\":\"https:\\\/\\\/prod.unyc.com\\\/de\\\/fr\\\/#organization\"},\"potentialAction\":[{\"@type\":\"SearchAction\",\"target\":{\"@type\":\"EntryPoint\",\"urlTemplate\":\"https:\\\/\\\/prod.unyc.com\\\/de\\\/fr\\\/?s={search_term_string}\"},\"query-input\":{\"@type\":\"PropertyValueSpecification\",\"valueRequired\":true,\"valueName\":\"search_term_string\"}}],\"inLanguage\":\"de\"},{\"@type\":\"Organization\",\"@id\":\"https:\\\/\\\/prod.unyc.com\\\/de\\\/fr\\\/#organization\",\"name\":\"Unyc\",\"url\":\"https:\\\/\\\/prod.unyc.com\\\/de\\\/fr\\\/\",\"logo\":{\"@type\":\"ImageObject\",\"inLanguage\":\"de\",\"@id\":\"https:\\\/\\\/prod.unyc.com\\\/de\\\/fr\\\/#\\\/schema\\\/logo\\\/image\\\/\",\"url\":\"\",\"contentUrl\":\"\",\"caption\":\"Unyc\"},\"image\":{\"@id\":\"https:\\\/\\\/prod.unyc.com\\\/de\\\/fr\\\/#\\\/schema\\\/logo\\\/image\\\/\"}}]}<\/script>\n<!-- \/ Yoast SEO plugin. -->","yoast_head_json":{"title":"Verankerungsring Gurt - Unyc","robots":{"index":"noindex","follow":"follow","max-snippet":"max-snippet:-1","max-image-preview":"max-image-preview:large","max-video-preview":"max-video-preview:-1"},"og_locale":"de_DE","og_type":"article","og_title":"Verankerungsring Gurt - Unyc","og_description":"Ist auf einer Oberfl\u00e4che kein Verankerungspunkt f\u00fcr sp\u00e4tere Eingriffe vorgesehen, kann dank dem tempor\u00e4ren Verankerungspunkt ein sicheres Arbeiten gew\u00e4hrleistet werden, da bei dieser L\u00f6sung ein Widerstands- und konstitutives Element daf\u00fcr sorgt, dass mit einem einfachen \u201eKrawattenknoten\u201c eine sichere Verankerung geschaffen wird.","og_url":"https:\/\/prod.unyc.com\/de\/equipements-de\/verankerungsring-gurt\/","og_site_name":"Unyc","article_modified_time":"2023-11-23T10:51:33+00:00","twitter_card":"summary_large_image","schema":{"@context":"https:\/\/schema.org","@graph":[{"@type":"WebPage","@id":"https:\/\/prod.unyc.com\/de\/equipements-de\/verankerungsring-gurt\/","url":"https:\/\/prod.unyc.com\/de\/equipements-de\/verankerungsring-gurt\/","name":"Verankerungsring Gurt - Unyc","isPartOf":{"@id":"https:\/\/prod.unyc.com\/de\/fr\/#website"},"primaryImageOfPage":{"@id":"https:\/\/prod.unyc.com\/de\/equipements-de\/verankerungsring-gurt\/#primaryimage"},"image":{"@id":"https:\/\/prod.unyc.com\/de\/equipements-de\/verankerungsring-gurt\/#primaryimage"},"thumbnailUrl":"","datePublished":"2023-11-20T21:26:45+00:00","dateModified":"2023-11-23T10:51:33+00:00","breadcrumb":{"@id":"https:\/\/prod.unyc.com\/de\/equipements-de\/verankerungsring-gurt\/#breadcrumb"},"inLanguage":"de","potentialAction":[{"@type":"ReadAction","target":["https:\/\/prod.unyc.com\/de\/equipements-de\/verankerungsring-gurt\/"]}]},{"@type":"ImageObject","inLanguage":"de","@id":"https:\/\/prod.unyc.com\/de\/equipements-de\/verankerungsring-gurt\/#primaryimage","url":"","contentUrl":""},{"@type":"BreadcrumbList","@id":"https:\/\/prod.unyc.com\/de\/equipements-de\/verankerungsring-gurt\/#breadcrumb","itemListElement":[{"@type":"ListItem","position":1,"name":"Catalogue","item":"https:\/\/prod.unyc.com\/fr\/catalogue\/"},{"@type":"ListItem","position":2,"name":"Verankerungsring Gurt"}]},{"@type":"WebSite","@id":"https:\/\/prod.unyc.com\/de\/fr\/#website","url":"https:\/\/prod.unyc.com\/de\/fr\/","name":"Unyc","description":"Fr\u00e9n\u00e9hard &amp; Michaux","publisher":{"@id":"https:\/\/prod.unyc.com\/de\/fr\/#organization"},"potentialAction":[{"@type":"SearchAction","target":{"@type":"EntryPoint","urlTemplate":"https:\/\/prod.unyc.com\/de\/fr\/?s={search_term_string}"},"query-input":{"@type":"PropertyValueSpecification","valueRequired":true,"valueName":"search_term_string"}}],"inLanguage":"de"},{"@type":"Organization","@id":"https:\/\/prod.unyc.com\/de\/fr\/#organization","name":"Unyc","url":"https:\/\/prod.unyc.com\/de\/fr\/","logo":{"@type":"ImageObject","inLanguage":"de","@id":"https:\/\/prod.unyc.com\/de\/fr\/#\/schema\/logo\/image\/","url":"","contentUrl":"","caption":"Unyc"},"image":{"@id":"https:\/\/prod.unyc.com\/de\/fr\/#\/schema\/logo\/image\/"}}]}},"_links":{"self":[{"href":"https:\/\/prod.unyc.com\/de\/wp-json\/wp\/v2\/product\/17623","targetHints":{"allow":["GET"]}}],"collection":[{"href":"https:\/\/prod.unyc.com\/de\/wp-json\/wp\/v2\/product"}],"about":[{"href":"https:\/\/prod.unyc.com\/de\/wp-json\/wp\/v2\/types\/product"}],"wp:featuredmedia":[{"embeddable":true,"href":"https:\/\/prod.unyc.com\/de\/wp-json\/wp\/v2\/media\/14979"}],"wp:attachment":[{"href":"https:\/\/prod.unyc.com\/de\/wp-json\/wp\/v2\/media?parent=17623"}],"wp:term":[{"taxonomy":"product_brand","embeddable":true,"href":"https:\/\/prod.unyc.com\/de\/wp-json\/wp\/v2\/product_brand?post=17623"},{"taxonomy":"product_cat","embeddable":true,"href":"https:\/\/prod.unyc.com\/de\/wp-json\/wp\/v2\/product_cat?post=17623"},{"taxonomy":"product_tag","embeddable":true,"href":"https:\/\/prod.unyc.com\/de\/wp-json\/wp\/v2\/product_tag?post=17623"}],"curies":[{"name":"wp","href":"https:\/\/api.w.org\/{rel}","templated":true}]}}