{"id":1286,"date":"2022-08-09T10:05:36","date_gmt":"2022-08-09T08:05:36","guid":{"rendered":"https:\/\/prod.unyc.com\/contatti\/"},"modified":"2022-12-01T17:36:11","modified_gmt":"2022-12-01T16:36:11","slug":"contatti","status":"publish","type":"page","link":"https:\/\/prod.unyc.com\/it\/contatti\/","title":{"rendered":"Contatti"},"content":{"rendered":"\n<p class=\"has-text-align-center\">Bisogno di aiuto? I nostri staff sono a vostra disposizione.<\/p>\n\n\n\n<p class=\"has-text-align-center\">Per aiutarci a soddisfare sempre al meglio le tue esigenze, non esitare a contattarci compilando il modulo sottostante. Il tuo messaggio sar\u00e0 inoltrato al servizio interessato, il quale tratter\u00e0 la tua richiesta. Il vostro messaggio sar\u00e0 inoltrato al servizio interessato, il quale tratter\u00e0 la vostra richiesta.<\/p>\n\n\n\n<div style=\"height:50px\" aria-hidden=\"true\" class=\"wp-block-spacer\"><\/div>\n\n\n\n<div class=\"wp-block-columns has-mycms-white-background-color has-background is-layout-flex wp-container-core-columns-is-layout-9d6595d7 wp-block-columns-is-layout-flex\">\n<div class=\"wp-block-column is-layout-flow wp-block-column-is-layout-flow\">\n<div class=\"wpcf7 no-js\" id=\"wpcf7-f1308-o1\" lang=\"it-IT\" dir=\"ltr\" data-wpcf7-id=\"1308\">\n<div class=\"screen-reader-response\"><p role=\"status\" aria-live=\"polite\" aria-atomic=\"true\"><\/p> <ul><\/ul><\/div>\n<form action=\"\/it\/wp-json\/wp\/v2\/pages\/1286#wpcf7-f1308-o1\" method=\"post\" class=\"wpcf7-form init form contact-form mycms-form wpcf7-acceptance-as-validation\" aria-label=\"Modulo di contatto\" novalidate=\"novalidate\" data-status=\"init\">\n<fieldset class=\"hidden-fields-container\"><input type=\"hidden\" name=\"_wpcf7\" value=\"1308\" \/><input type=\"hidden\" name=\"_wpcf7_version\" value=\"6.1.5\" \/><input type=\"hidden\" name=\"_wpcf7_locale\" value=\"it_IT\" \/><input type=\"hidden\" name=\"_wpcf7_unit_tag\" value=\"wpcf7-f1308-o1\" \/><input type=\"hidden\" name=\"_wpcf7_container_post\" value=\"0\" \/><input type=\"hidden\" name=\"_wpcf7_posted_data_hash\" value=\"\" \/><input type=\"hidden\" name=\"_wpcf7cf_hidden_group_fields\" value=\"[]\" \/><input type=\"hidden\" name=\"_wpcf7cf_hidden_groups\" value=\"[]\" \/><input type=\"hidden\" name=\"_wpcf7cf_visible_groups\" value=\"[]\" \/><input type=\"hidden\" name=\"_wpcf7cf_repeaters\" value=\"[]\" \/><input type=\"hidden\" name=\"_wpcf7cf_steps\" value=\"{}\" \/><input type=\"hidden\" name=\"_wpcf7cf_options\" value=\"{&quot;form_id&quot;:1308,&quot;conditions&quot;:[],&quot;settings&quot;:{&quot;animation&quot;:&quot;yes&quot;,&quot;animation_intime&quot;:200,&quot;animation_outtime&quot;:200,&quot;conditions_ui&quot;:&quot;normal&quot;,&quot;notice_dismissed&quot;:false}}\" \/>\n<\/fieldset>\n<span class=\"mycsm-legend\">* Campi obbligatori<\/span>\n\n<label class=\"mycms-form--label required\">Nome <\/label>\n<span class=\"wpcf7-form-control-wrap\" data-name=\"your-lastname\"><input size=\"40\" maxlength=\"400\" class=\"wpcf7-form-control wpcf7-text wpcf7-validates-as-required\" aria-required=\"true\" aria-invalid=\"false\" value=\"\" type=\"text\" name=\"your-lastname\" \/><\/span>\n\n<label class=\"mycms-form--label required\">Cognome <\/label>\n<span class=\"wpcf7-form-control-wrap\" data-name=\"your-firstname\"><input size=\"40\" maxlength=\"400\" class=\"wpcf7-form-control wpcf7-text wpcf7-validates-as-required\" aria-required=\"true\" aria-invalid=\"false\" value=\"\" type=\"text\" name=\"your-firstname\" \/><\/span>\n\n<label class=\"mycms-form--label required\">Indirizzo e-mail<\/label>\n<span class=\"wpcf7-form-control-wrap\" data-name=\"your-email\"><input size=\"40\" maxlength=\"400\" class=\"wpcf7-form-control wpcf7-email wpcf7-validates-as-required wpcf7-text wpcf7-validates-as-email\" aria-required=\"true\" aria-invalid=\"false\" value=\"\" type=\"email\" name=\"your-email\" \/><\/span>\n\n<label class=\"mycms-form--label required\">Tel<\/label>\n<span class=\"wpcf7-form-control-wrap\" data-name=\"your-phone\"><input size=\"40\" maxlength=\"400\" class=\"wpcf7-form-control wpcf7-tel wpcf7-validates-as-required wpcf7-text wpcf7-validates-as-tel\" aria-required=\"true\" aria-invalid=\"false\" value=\"\" type=\"tel\" name=\"your-phone\" \/><\/span>\n\n<label class=\"mycms-form--label required\">Rivenditore abituale<\/label>\n<span class=\"wpcf7-form-control-wrap reseller\" data-name=\"reseller\"><select type=\"select\" name=\"reseller\" class=\"wpcf7-form-control wpcf7-resellers wpcf7-validates-as-required wpcf7-reseller\" aria-invalid=\"false\" aria-required=\"true\" ><option value=\"-1\">Selezionare<\/option><option value=\"COFAQ\">COFAQ<\/option><option value=\"Descours &#038; Cabaud\">Descours &#038; Cabaud<\/option><option value=\"Gamesystem\">Gamesystem<\/option><option value=\"Master Pro\">Master Pro<\/option><option value=\"X\">X<\/option><\/select><\/span>\n\n<label class=\"mycms-form--label required\">Messaggio<\/label>\n<span class=\"wpcf7-form-control-wrap\" data-name=\"your-message\"><textarea cols=\"40\" rows=\"10\" maxlength=\"2000\" class=\"wpcf7-form-control wpcf7-textarea wpcf7-validates-as-required\" aria-required=\"true\" aria-invalid=\"false\" name=\"your-message\"><\/textarea><\/span>\n\n\n<span class=\"wpcf7-form-control-wrap\" data-name=\"your-consent\"><span class=\"wpcf7-form-control wpcf7-acceptance optional\"><span class=\"wpcf7-list-item\"><label><input type=\"checkbox\" name=\"your-consent\" value=\"1\" aria-invalid=\"false\" \/><span class=\"wpcf7-list-item-label\"><label class=\"mycms-form--label required\">Accetto di ricevere le offerte di UNYC via email<\/span><\/label><\/span><\/span><\/span>\n\n<span class=\"wpcf7-form-control-wrap\" data-name=\"rgpd-contact\"><span class=\"wpcf7-form-control wpcf7-acceptance\"><span class=\"wpcf7-list-item\"><label><input type=\"checkbox\" name=\"rgpd-contact\" value=\"1\" class=\"optin\" id=\"rgpd-contact\" aria-invalid=\"false\" \/><span class=\"wpcf7-list-item-label\"><label class=\"mycms-form--label required\">Accetto le <a href='\/it\/condizioni-generali-di-utilizzo-del-sito-unyc-fr\/' target='_blank'>condizioni d'uso<\/a> e l'<a href='\/it\/informativa-sulla-privacy' target='_blank'>informativa sulla privacy<\/a> del sito<\/label><\/span><\/label><\/span><\/span><\/span>\n\n<span id=\"wpcf7-69df484502577-wrapper\" class=\"wpcf7-form-control-wrap lieudenaissance-wrap\" ><input type=\"hidden\" name=\"lieudenaissance-time-start\" value=\"1776240709\"><input type=\"hidden\" name=\"lieudenaissance-time-check\" value=\"3\"><input id=\"wpcf7-69df484502577-field\"  class=\"wpcf7-form-control wpcf7-text\" type=\"text\" name=\"lieudenaissance\" value=\"\" size=\"40\" tabindex=\"-1\" autocomplete=\"off\" \/><\/span>\n\n<input class=\"wpcf7-form-control wpcf7-submit has-spinner\" type=\"submit\" value=\"Inviare\" \/><div class=\"wpcf7-response-output\" aria-hidden=\"true\"><\/div>\n<\/form>\n<\/div>\n\n<\/div>\n\n\n\n<div class=\"wp-block-column is-layout-flow wp-block-column-is-layout-flow\">    <div class=\"mycms-mediatextphone mediatextphone\">\n                    <div class=\"mycms-mediatextphone--media\">\n        <img loading=\"lazy\" decoding=\"async\" width=\"48\" height=\"64\" src=\"https:\/\/prod.unyc.com\/wp-includes\/images\/media\/default.png\" class=\"attachment-full size-full\" alt=\"\" \/>                <\/div>\n                    <div class=\"mycms-mediatextphone--description\">\n                <div class=\"mycms-txt mycms-txt--color-onyx-light\">Contattateci:\r\n<a href=\"mailto:contact@unyc.com\">contact@unyc.com<\/a><\/div><a class=\"mycms-link-more phone-cta-display\" href=\"#\" title=\"+33 (0) 4 80 16 10 08\">Vedi numero di telefono<\/a><a class=\"mycms-link-more phone-cta hidden\" href=\"tel:330480161008\" title=\"+33 (0) 4 80 16 10 08\">+33 (0) 4 80 16 10 08<\/a>                    <\/div>\n                                    <div class=\"mycms-mediatextphone--border-bottom\"><\/div>\n    <\/div>\n<\/div>\n<\/div>\n\n\n","protected":false},"excerpt":{"rendered":"<p>Bisogno di aiuto? I nostri staff sono a vostra disposizione. Per aiutarci a soddisfare sempre al meglio le tue esigenze, non esitare a contattarci compilando il modulo sottostante. Il tuo messaggio sar\u00e0 inoltrato al servizio interessato, il quale tratter\u00e0 la tua richiesta. Il vostro messaggio sar\u00e0 inoltrato al servizio interessato, il quale tratter\u00e0 la vostra [&hellip;]<\/p>\n","protected":false},"author":1,"featured_media":0,"parent":0,"menu_order":0,"comment_status":"closed","ping_status":"closed","template":"","meta":{"_acf_changed":false,"footnotes":""},"class_list":["post-1286","page","type-page","status-publish","hentry"],"acf":[],"yoast_head":"<!-- This site is optimized with the Yoast SEO plugin v27.4 - https:\/\/yoast.com\/product\/yoast-seo-wordpress\/ -->\n<title>Contatti - Unyc<\/title>\n<meta name=\"robots\" content=\"noindex, follow, max-snippet:-1, max-image-preview:large, max-video-preview:-1\" \/>\n<meta property=\"og:locale\" content=\"it_IT\" \/>\n<meta property=\"og:type\" content=\"article\" \/>\n<meta property=\"og:title\" content=\"Contatti - Unyc\" \/>\n<meta property=\"og:description\" content=\"Bisogno di aiuto? I nostri staff sono a vostra disposizione. Per aiutarci a soddisfare sempre al meglio le tue esigenze, non esitare a contattarci compilando il modulo sottostante. Il tuo messaggio sar\u00e0 inoltrato al servizio interessato, il quale tratter\u00e0 la tua richiesta. Il vostro messaggio sar\u00e0 inoltrato al servizio interessato, il quale tratter\u00e0 la vostra [&hellip;]\" \/>\n<meta property=\"og:url\" content=\"https:\/\/prod.unyc.com\/it\/contatti\/\" \/>\n<meta property=\"og:site_name\" content=\"Unyc\" \/>\n<meta property=\"article:modified_time\" content=\"2022-12-01T16:36:11+00:00\" \/>\n<meta name=\"twitter:card\" content=\"summary_large_image\" \/>\n<meta name=\"twitter:label1\" content=\"Tempo di lettura stimato\" \/>\n\t<meta name=\"twitter:data1\" content=\"1 minuto\" \/>\n<script type=\"application\/ld+json\" class=\"yoast-schema-graph\">{\"@context\":\"https:\\\/\\\/schema.org\",\"@graph\":[{\"@type\":\"WebPage\",\"@id\":\"https:\\\/\\\/prod.unyc.com\\\/it\\\/contatti\\\/\",\"url\":\"https:\\\/\\\/prod.unyc.com\\\/it\\\/contatti\\\/\",\"name\":\"Contatti - Unyc\",\"isPartOf\":{\"@id\":\"https:\\\/\\\/prod.unyc.com\\\/it\\\/fr\\\/#website\"},\"datePublished\":\"2022-08-09T08:05:36+00:00\",\"dateModified\":\"2022-12-01T16:36:11+00:00\",\"inLanguage\":\"it-IT\",\"potentialAction\":[{\"@type\":\"ReadAction\",\"target\":[\"https:\\\/\\\/prod.unyc.com\\\/it\\\/contatti\\\/\"]}]},{\"@type\":\"WebSite\",\"@id\":\"https:\\\/\\\/prod.unyc.com\\\/it\\\/fr\\\/#website\",\"url\":\"https:\\\/\\\/prod.unyc.com\\\/it\\\/fr\\\/\",\"name\":\"Unyc\",\"description\":\"Fr\u00e9n\u00e9hard &amp; Michaux\",\"publisher\":{\"@id\":\"https:\\\/\\\/prod.unyc.com\\\/it\\\/fr\\\/#organization\"},\"potentialAction\":[{\"@type\":\"SearchAction\",\"target\":{\"@type\":\"EntryPoint\",\"urlTemplate\":\"https:\\\/\\\/prod.unyc.com\\\/it\\\/fr\\\/?s={search_term_string}\"},\"query-input\":{\"@type\":\"PropertyValueSpecification\",\"valueRequired\":true,\"valueName\":\"search_term_string\"}}],\"inLanguage\":\"it-IT\"},{\"@type\":\"Organization\",\"@id\":\"https:\\\/\\\/prod.unyc.com\\\/it\\\/fr\\\/#organization\",\"name\":\"Unyc\",\"url\":\"https:\\\/\\\/prod.unyc.com\\\/it\\\/fr\\\/\",\"logo\":{\"@type\":\"ImageObject\",\"inLanguage\":\"it-IT\",\"@id\":\"https:\\\/\\\/prod.unyc.com\\\/it\\\/fr\\\/#\\\/schema\\\/logo\\\/image\\\/\",\"url\":\"\",\"contentUrl\":\"\",\"caption\":\"Unyc\"},\"image\":{\"@id\":\"https:\\\/\\\/prod.unyc.com\\\/it\\\/fr\\\/#\\\/schema\\\/logo\\\/image\\\/\"}}]}<\/script>\n<!-- \/ Yoast SEO plugin. -->","yoast_head_json":{"title":"Contatti - Unyc","robots":{"index":"noindex","follow":"follow","max-snippet":"max-snippet:-1","max-image-preview":"max-image-preview:large","max-video-preview":"max-video-preview:-1"},"og_locale":"it_IT","og_type":"article","og_title":"Contatti - Unyc","og_description":"Bisogno di aiuto? I nostri staff sono a vostra disposizione. Per aiutarci a soddisfare sempre al meglio le tue esigenze, non esitare a contattarci compilando il modulo sottostante. Il tuo messaggio sar\u00e0 inoltrato al servizio interessato, il quale tratter\u00e0 la tua richiesta. Il vostro messaggio sar\u00e0 inoltrato al servizio interessato, il quale tratter\u00e0 la vostra [&hellip;]","og_url":"https:\/\/prod.unyc.com\/it\/contatti\/","og_site_name":"Unyc","article_modified_time":"2022-12-01T16:36:11+00:00","twitter_card":"summary_large_image","twitter_misc":{"Tempo di lettura stimato":"1 minuto"},"schema":{"@context":"https:\/\/schema.org","@graph":[{"@type":"WebPage","@id":"https:\/\/prod.unyc.com\/it\/contatti\/","url":"https:\/\/prod.unyc.com\/it\/contatti\/","name":"Contatti - Unyc","isPartOf":{"@id":"https:\/\/prod.unyc.com\/it\/fr\/#website"},"datePublished":"2022-08-09T08:05:36+00:00","dateModified":"2022-12-01T16:36:11+00:00","inLanguage":"it-IT","potentialAction":[{"@type":"ReadAction","target":["https:\/\/prod.unyc.com\/it\/contatti\/"]}]},{"@type":"WebSite","@id":"https:\/\/prod.unyc.com\/it\/fr\/#website","url":"https:\/\/prod.unyc.com\/it\/fr\/","name":"Unyc","description":"Fr\u00e9n\u00e9hard &amp; Michaux","publisher":{"@id":"https:\/\/prod.unyc.com\/it\/fr\/#organization"},"potentialAction":[{"@type":"SearchAction","target":{"@type":"EntryPoint","urlTemplate":"https:\/\/prod.unyc.com\/it\/fr\/?s={search_term_string}"},"query-input":{"@type":"PropertyValueSpecification","valueRequired":true,"valueName":"search_term_string"}}],"inLanguage":"it-IT"},{"@type":"Organization","@id":"https:\/\/prod.unyc.com\/it\/fr\/#organization","name":"Unyc","url":"https:\/\/prod.unyc.com\/it\/fr\/","logo":{"@type":"ImageObject","inLanguage":"it-IT","@id":"https:\/\/prod.unyc.com\/it\/fr\/#\/schema\/logo\/image\/","url":"","contentUrl":"","caption":"Unyc"},"image":{"@id":"https:\/\/prod.unyc.com\/it\/fr\/#\/schema\/logo\/image\/"}}]}},"_links":{"self":[{"href":"https:\/\/prod.unyc.com\/it\/wp-json\/wp\/v2\/pages\/1286","targetHints":{"allow":["GET"]}}],"collection":[{"href":"https:\/\/prod.unyc.com\/it\/wp-json\/wp\/v2\/pages"}],"about":[{"href":"https:\/\/prod.unyc.com\/it\/wp-json\/wp\/v2\/types\/page"}],"author":[{"embeddable":true,"href":"https:\/\/prod.unyc.com\/it\/wp-json\/wp\/v2\/users\/1"}],"replies":[{"embeddable":true,"href":"https:\/\/prod.unyc.com\/it\/wp-json\/wp\/v2\/comments?post=1286"}],"version-history":[{"count":0,"href":"https:\/\/prod.unyc.com\/it\/wp-json\/wp\/v2\/pages\/1286\/revisions"}],"wp:attachment":[{"href":"https:\/\/prod.unyc.com\/it\/wp-json\/wp\/v2\/media?parent=1286"}],"curies":[{"name":"wp","href":"https:\/\/api.w.org\/{rel}","templated":true}]}}